{"id":508,"date":"2026-03-04T05:37:19","date_gmt":"2026-03-04T05:37:19","guid":{"rendered":"https:\/\/mbstmexico.mx\/profesionales\/?page_id=508"},"modified":"2026-03-04T06:03:18","modified_gmt":"2026-03-04T06:03:18","slug":"politicas-de-privacidad","status":"publish","type":"page","link":"https:\/\/mbstmexico.mx\/profesionales\/politicas-de-privacidad\/","title":{"rendered":"Pol\u00edticas de privacidad"},"content":{"rendered":"\t\t<div data-elementor-type=\"wp-page\" data-elementor-id=\"508\" class=\"elementor elementor-508\" data-elementor-post-type=\"page\">\n\t\t\t\t<section class=\"aux-parallax-section elementor-element elementor-element-e0a9a86 e-con-full e-flex e-con e-parent\" data-id=\"e0a9a86\" data-element_type=\"container\" data-e-type=\"container\" data-settings=\"{&quot;background_background&quot;:&quot;classic&quot;}\">\n\t\t<div class=\"elementor-element elementor-element-16b816d e-con-full e-flex e-con e-child\" data-id=\"16b816d\" data-element_type=\"container\" data-e-type=\"container\">\n\t\t\t\t<div class=\"elementor-element elementor-element-7a128f1 elementor-widget elementor-widget-menu-anchor\" data-id=\"7a128f1\" data-element_type=\"widget\" data-e-type=\"widget\" data-widget_type=\"menu-anchor.default\">\n\t\t\t\t\t\t\t<div class=\"elementor-menu-anchor\" id=\"acerca-de-mbst\"><\/div>\n\t\t\t\t\t\t<\/div>\n\t\t\t\t<div class=\"elementor-element elementor-element-b004e5a elementor-widget elementor-widget-heading\" data-id=\"b004e5a\" data-element_type=\"widget\" data-e-type=\"widget\" data-widget_type=\"heading.default\">\n\t\t\t\t\t<h2 class=\"elementor-heading-title elementor-size-default\">Acerca de MBST M\u00e9xico<\/h2>\t\t\t\t<\/div>\n\t\t\t\t<div class=\"elementor-element elementor-element-81b4aaa elementor-widget elementor-widget-text-editor\" data-id=\"81b4aaa\" data-element_type=\"widget\" data-e-type=\"widget\" data-widget_type=\"text-editor.default\">\n\t\t\t\t\t\t\t\t\t<p>MBST M\u00e9xico es una plataforma informativa dedicada a difundir el conocimiento sobre la tecnolog\u00eda <b>MBST\u00ae Magnetic Resonance Therapy<\/b>, una innovaci\u00f3n m\u00e9dica basada en el principio de resonancia magn\u00e9tica terap\u00e9utica.<\/p><p>La tecnolog\u00eda MBST utiliza el mismo principio f\u00edsico que la resonancia magn\u00e9tica utilizada en diagn\u00f3stico m\u00e9dico, pero adaptado para estimular procesos celulares asociados con la regeneraci\u00f3n de tejidos.<\/p><p>Esta terapia act\u00faa directamente a nivel celular estimulando procesos biol\u00f3gicos que pueden contribuir a la regeneraci\u00f3n de tejidos, reducci\u00f3n del dolor y mejora de la movilidad en diversas condiciones del sistema musculoesquel\u00e9tico.<\/p><p>Actualmente MBST es utilizada por profesionales de la salud en diferentes pa\u00edses para el tratamiento de condiciones como:<\/p><ul><li><p>osteoartritis<\/p><\/li><li><p>osteoporosis<\/p><\/li><li><p>dolor lumbar<\/p><\/li><li><p>lesiones deportivas<\/p><\/li><li><p>degeneraci\u00f3n de cart\u00edlago<\/p><\/li><li><p>trastornos musculoesquel\u00e9ticos<\/p><\/li><\/ul><p>La tecnolog\u00eda fue desarrollada a partir del estudio de los efectos biol\u00f3gicos de la resonancia magn\u00e9tica nuclear en tejidos vivos y ha sido objeto de m\u00faltiples investigaciones cient\u00edficas y cl\u00ednicas.<\/p><p>El objetivo de MBST M\u00e9xico es facilitar el acceso a informaci\u00f3n confiable sobre esta tecnolog\u00eda y promover el conocimiento de terapias m\u00e9dicas avanzadas dentro del campo de la ortopedia, rehabilitaci\u00f3n y medicina regenerativa.<\/p><p>Para conocer m\u00e1s sobre la base cient\u00edfica de esta tecnolog\u00eda, puede consultarse la secci\u00f3n oficial de estudios cl\u00ednicos:<\/p><p><span style=\"color: #0563c1;\"><u><a href=\"https:\/\/mbst.com\/en\/doctor\/science\/?utm_source=chatgpt.com\" target=\"_new\">https:\/\/mbst.com\/en\/doctor\/science\/<\/a><\/u><\/span><\/p>\t\t\t\t\t\t\t\t<\/div>\n\t\t\t\t<div class=\"elementor-element elementor-element-3b3e990 elementor-widget elementor-widget-menu-anchor\" data-id=\"3b3e990\" data-element_type=\"widget\" data-e-type=\"widget\" data-widget_type=\"menu-anchor.default\">\n\t\t\t\t\t\t\t<div class=\"elementor-menu-anchor\" id=\"condiciones-de-uso\"><\/div>\n\t\t\t\t\t\t<\/div>\n\t\t\t\t<div class=\"elementor-element elementor-element-d24f0b7 elementor-widget elementor-widget-heading\" data-id=\"d24f0b7\" data-element_type=\"widget\" data-e-type=\"widget\" data-widget_type=\"heading.default\">\n\t\t\t\t\t<h2 class=\"elementor-heading-title elementor-size-default\">Condiciones de Uso<\/h2>\t\t\t\t<\/div>\n\t\t\t\t<div class=\"elementor-element elementor-element-612a9fe elementor-widget elementor-widget-text-editor\" data-id=\"612a9fe\" data-element_type=\"widget\" data-e-type=\"widget\" data-widget_type=\"text-editor.default\">\n\t\t\t\t\t\t\t\t\t<p>El presente sitio web tiene como objetivo proporcionar informaci\u00f3n sobre la tecnolog\u00eda <b>MBST\u00ae (Molecular Biophysical Stimulation Therapy)<\/b>, sus aplicaciones cl\u00ednicas y el acceso a centros m\u00e9dicos que utilizan esta tecnolog\u00eda.<\/p><p>El acceso y uso de este sitio web implica la aceptaci\u00f3n de las presentes condiciones.<\/p><p><b>Uso del sitio web<\/b><\/p><p>El contenido de este sitio tiene fines exclusivamente informativos y educativos. La informaci\u00f3n publicada no sustituye en ning\u00fan caso la evaluaci\u00f3n, diagn\u00f3stico o tratamiento m\u00e9dico realizado por un profesional de la salud.<\/p><p>Los usuarios del sitio aceptan utilizar la informaci\u00f3n de forma responsable y \u00fanicamente para fines informativos relacionados con la tecnolog\u00eda MBST y sus aplicaciones en el campo de la medicina musculoesquel\u00e9tica.<\/p><p><b>Propiedad intelectual<\/b><\/p><p>Los textos, im\u00e1genes, gr\u00e1ficos, logotipos, dise\u00f1os y contenidos presentes en este sitio web est\u00e1n protegidos por derechos de propiedad intelectual.<\/p><p>Queda prohibida la reproducci\u00f3n, distribuci\u00f3n o modificaci\u00f3n del contenido sin autorizaci\u00f3n previa del titular del sitio web.<\/p><p><b>Responsabilidad<\/b><\/p><p>El sitio web no se hace responsable del uso que los usuarios puedan realizar de la informaci\u00f3n publicada.<\/p><p>La informaci\u00f3n sobre tratamientos, resultados cl\u00ednicos o aplicaciones terap\u00e9uticas debe ser siempre evaluada por un profesional m\u00e9dico cualificado.<\/p><p>La terapia MBST es una tecnolog\u00eda m\u00e9dica utilizada por profesionales de la salud en diferentes pa\u00edses para el tratamiento de diversas condiciones musculoesquel\u00e9ticas.<\/p><p><b>Modificaciones<\/b><\/p><p>El propietario del sitio se reserva el derecho de modificar o actualizar estas condiciones en cualquier momento para adaptarlas a cambios legales o de funcionamiento del sitio.<\/p>\t\t\t\t\t\t\t\t<\/div>\n\t\t\t\t<div class=\"elementor-element elementor-element-d58ee79 elementor-widget elementor-widget-menu-anchor\" data-id=\"d58ee79\" data-element_type=\"widget\" data-e-type=\"widget\" data-widget_type=\"menu-anchor.default\">\n\t\t\t\t\t\t\t<div class=\"elementor-menu-anchor\" id=\"politica-privacidad\"><\/div>\n\t\t\t\t\t\t<\/div>\n\t\t\t\t<div class=\"elementor-element elementor-element-ac708dd elementor-widget elementor-widget-heading\" data-id=\"ac708dd\" data-element_type=\"widget\" data-e-type=\"widget\" data-widget_type=\"heading.default\">\n\t\t\t\t\t<h2 class=\"elementor-heading-title elementor-size-default\">Pol\u00edtica de Privacidad<\/h2>\t\t\t\t<\/div>\n\t\t\t\t<div class=\"elementor-element elementor-element-5fbe1c1 elementor-widget elementor-widget-text-editor\" data-id=\"5fbe1c1\" data-element_type=\"widget\" data-e-type=\"widget\" data-widget_type=\"text-editor.default\">\n\t\t\t\t\t\t\t\t\t<p>La presente pol\u00edtica de privacidad describe c\u00f3mo se recopila, utiliza y protege la informaci\u00f3n personal de los usuarios que visitan este sitio web.<\/p><p><b>Informaci\u00f3n que recopilamos<\/b><\/p><p>Podemos recopilar informaci\u00f3n personal cuando los usuarios:<\/p><ul><li><p>completan formularios de contacto<\/p><\/li><li><p>solicitan informaci\u00f3n sobre la tecnolog\u00eda MBST<\/p><\/li><li><p>se comunican con nosotros a trav\u00e9s de correo electr\u00f3nico o formularios web<\/p><\/li><\/ul><p>La informaci\u00f3n recopilada puede incluir:<\/p><ul><li><p>nombre<\/p><\/li><li><p>correo electr\u00f3nico<\/p><\/li><li><p>tel\u00e9fono<\/p><\/li><li><p>informaci\u00f3n relacionada con la consulta realizada<\/p><\/li><\/ul><p><b>Uso de la informaci\u00f3n<\/b><\/p><p>La informaci\u00f3n recopilada se utiliza exclusivamente para:<\/p><ul><li><p>responder consultas<\/p><\/li><li><p>proporcionar informaci\u00f3n sobre la tecnolog\u00eda MBST<\/p><\/li><li><p>facilitar el contacto con profesionales o centros m\u00e9dicos<\/p><\/li><\/ul><p>En ning\u00fan caso la informaci\u00f3n personal ser\u00e1 vendida o compartida con terceros sin consentimiento del usuario.<\/p><p><b>Seguridad de la informaci\u00f3n<\/b><\/p><p>Se aplican medidas t\u00e9cnicas y organizativas razonables para proteger la informaci\u00f3n personal contra acceso no autorizado, p\u00e9rdida o alteraci\u00f3n.<\/p><p><b>Cookies<\/b><\/p><p>Este sitio puede utilizar cookies para mejorar la experiencia de navegaci\u00f3n y analizar el uso del sitio web.<\/p><p>El usuario puede configurar su navegador para aceptar o rechazar cookies en cualquier momento.<\/p><p><b>Derechos del usuario<\/b><\/p><p>Los usuarios pueden solicitar en cualquier momento:<\/p><ul><li><p>acceso a sus datos personales<\/p><\/li><li><p>correcci\u00f3n de informaci\u00f3n<\/p><\/li><li><p>eliminaci\u00f3n de sus datos<\/p><\/li><\/ul><p>Para ejercer estos derechos, pueden contactar mediante los canales indicados en el sitio web.<\/p>\t\t\t\t\t\t\t\t<\/div>\n\t\t\t\t<div class=\"elementor-element elementor-element-9659c0e elementor-widget elementor-widget-menu-anchor\" data-id=\"9659c0e\" data-element_type=\"widget\" data-e-type=\"widget\" data-widget_type=\"menu-anchor.default\">\n\t\t\t\t\t\t\t<div class=\"elementor-menu-anchor\" id=\"aviso-medico\"><\/div>\n\t\t\t\t\t\t<\/div>\n\t\t\t\t<div class=\"elementor-element elementor-element-fd67771 elementor-widget elementor-widget-heading\" data-id=\"fd67771\" data-element_type=\"widget\" data-e-type=\"widget\" data-widget_type=\"heading.default\">\n\t\t\t\t\t<h2 class=\"elementor-heading-title elementor-size-default\">Aviso M\u00e9dico (Medical Disclaimer)<\/h2>\t\t\t\t<\/div>\n\t\t\t\t<div class=\"elementor-element elementor-element-0856396 elementor-widget elementor-widget-text-editor\" data-id=\"0856396\" data-element_type=\"widget\" data-e-type=\"widget\" data-widget_type=\"text-editor.default\">\n\t\t\t\t\t\t\t\t\t<p>La informaci\u00f3n presentada en este sitio web tiene fines exclusivamente informativos y educativos.<\/p><p>El contenido relacionado con la tecnolog\u00eda <b>MBST\u00ae (Molecular Biophysical Stimulation Therapy)<\/b>, sus posibles aplicaciones terap\u00e9uticas y los beneficios descritos se basa en informaci\u00f3n cient\u00edfica disponible, literatura m\u00e9dica y publicaciones relacionadas con la resonancia magn\u00e9tica terap\u00e9utica.<\/p><p>Sin embargo, la informaci\u00f3n contenida en este sitio <b>no constituye asesoramiento m\u00e9dico, diagn\u00f3stico ni tratamiento m\u00e9dico<\/b>.<\/p><p><b>No sustituye la consulta m\u00e9dica<\/b><\/p><p>El contenido de este sitio web no sustituye en ning\u00fan caso la evaluaci\u00f3n, diagn\u00f3stico o tratamiento realizado por un m\u00e9dico u otro profesional de la salud cualificado.<\/p><p>Los usuarios que presenten s\u00edntomas, dolor o cualquier condici\u00f3n m\u00e9dica deben consultar siempre con un profesional de la salud antes de tomar decisiones relacionadas con su tratamiento.<\/p><p><b>Informaci\u00f3n sobre terapias m\u00e9dicas<\/b><\/p><p>La tecnolog\u00eda <b>MBST\u00ae Magnetic Resonance Therapy<\/b> es una tecnolog\u00eda m\u00e9dica utilizada por profesionales de la salud en diversos pa\u00edses dentro del campo de la ortopedia, rehabilitaci\u00f3n y medicina musculoesquel\u00e9tica.<\/p><p>Los resultados cl\u00ednicos pueden variar seg\u00fan el paciente, la condici\u00f3n m\u00e9dica espec\u00edfica y el protocolo terap\u00e9utico aplicado por el profesional de salud responsable.<\/p><p>La informaci\u00f3n presentada en este sitio web no debe interpretarse como una garant\u00eda de resultados cl\u00ednicos espec\u00edficos.<\/p><p><b>Uso de la informaci\u00f3n<\/b><\/p><p>El usuario acepta que el uso de la informaci\u00f3n disponible en este sitio web se realiza bajo su propia responsabilidad.<\/p><p>Los propietarios y administradores del sitio web no se hacen responsables de decisiones m\u00e9dicas tomadas por los usuarios basadas exclusivamente en la informaci\u00f3n publicada en esta p\u00e1gina.<\/p><p><b>Investigaci\u00f3n cient\u00edfica<\/b><\/p><p>La tecnolog\u00eda MBST ha sido objeto de diferentes estudios cient\u00edficos y cl\u00ednicos relacionados con su aplicaci\u00f3n en el sistema musculoesquel\u00e9tico.<\/p><p>Para consultar informaci\u00f3n cient\u00edfica adicional sobre estudios y publicaciones relacionadas con esta tecnolog\u00eda, puede visitar la secci\u00f3n oficial de investigaci\u00f3n de MBST:<\/p><p><span style=\"color: #0563c1;\"><u><a href=\"https:\/\/mbst.com\/en\/doctor\/science\/?utm_source=chatgpt.com\" target=\"_new\">https:\/\/mbst.com\/en\/doctor\/science\/<\/a><\/u><\/span><\/p><p><b>Contacto con profesionales de la salud<\/b><\/p><p>Si desea obtener m\u00e1s informaci\u00f3n sobre esta tecnolog\u00eda o conocer centros m\u00e9dicos que utilizan MBST, se recomienda contactar directamente con profesionales de la salud cualificados que puedan evaluar cada caso de forma individual.<\/p><p><br \/><br \/><\/p>\t\t\t\t\t\t\t\t<\/div>\n\t\t\t\t<\/div>\n\t\t\t\t<\/section>\n\t\t\t\t<\/div>\n\t\t","protected":false},"excerpt":{"rendered":"<p>Acerca de MBST M\u00e9xico MBST M\u00e9xico es una plataforma informativa dedicada a difundir el conocimiento sobre la tecnolog\u00eda MBST\u00ae Magnetic Resonance Therapy, una innovaci\u00f3n m\u00e9dica basada en el principio de resonancia magn\u00e9tica terap\u00e9utica. La tecnolog\u00eda MBST utiliza el mismo principio f\u00edsico que la resonancia magn\u00e9tica utilizada en diagn\u00f3stico m\u00e9dico, pero adaptado para estimular procesos celulares [&hellip;]<\/p>\n","protected":false},"author":1,"featured_media":0,"parent":0,"menu_order":0,"comment_status":"closed","ping_status":"closed","template":"","meta":{"footnotes":""},"class_list":["post-508","page","type-page","status-publish","hentry"],"_hostinger_reach_plugin_has_subscription_block":false,"_hostinger_reach_plugin_is_elementor":false,"_links":{"self":[{"href":"https:\/\/mbstmexico.mx\/profesionales\/wp-json\/wp\/v2\/pages\/508","targetHints":{"allow":["GET"]}}],"collection":[{"href":"https:\/\/mbstmexico.mx\/profesionales\/wp-json\/wp\/v2\/pages"}],"about":[{"href":"https:\/\/mbstmexico.mx\/profesionales\/wp-json\/wp\/v2\/types\/page"}],"author":[{"embeddable":true,"href":"https:\/\/mbstmexico.mx\/profesionales\/wp-json\/wp\/v2\/users\/1"}],"replies":[{"embeddable":true,"href":"https:\/\/mbstmexico.mx\/profesionales\/wp-json\/wp\/v2\/comments?post=508"}],"version-history":[{"count":31,"href":"https:\/\/mbstmexico.mx\/profesionales\/wp-json\/wp\/v2\/pages\/508\/revisions"}],"predecessor-version":[{"id":546,"href":"https:\/\/mbstmexico.mx\/profesionales\/wp-json\/wp\/v2\/pages\/508\/revisions\/546"}],"wp:attachment":[{"href":"https:\/\/mbstmexico.mx\/profesionales\/wp-json\/wp\/v2\/media?parent=508"}],"curies":[{"name":"wp","href":"https:\/\/api.w.org\/{rel}","templated":true}]}}